{"id":32,"date":"2013-01-25T22:12:29","date_gmt":"2013-01-25T22:12:29","guid":{"rendered":"http:\/\/www.thg-ellwangen.de\/?page_id=32"},"modified":"2018-05-25T05:11:27","modified_gmt":"2018-05-25T05:11:27","slug":"impressum","status":"publish","type":"page","link":"http:\/\/thg-ellwangen.de\/?page_id=32","title":{"rendered":"Impressum und Datenschutz"},"content":{"rendered":"<div>\n<div>\n<div><strong>Allgemeine Liefer- und Zahlungsbedingungen<\/strong><\/div>\n<div><strong><br \/>\n<\/strong><\/div>\n<div>1. Allgemeines<br \/>\nMit  der Bestellung erkennt der K\u00e4ufer die vorliegenden Allgemeinen  Liefer-  und Zahlungsbedingungen als verbindlich an. Davon abweichende   Einkaufsbedingungen oder sonstige vom K\u00e4ufer gemachte Einschr\u00e4nkungen   sind f\u00fcr uns nur dann verbindlich, wenn wir sie ausdr\u00fccklich schriftlich   anerkennen. Im \u00dcbrigen behalten wir uns vor, bei Verst\u00f6\u00dfen gegen  unsere  Bedingungen die Lieferungen ganz oder zum Teil oder zeitweilig   einzustellen. Soweit wir dem K\u00e4ufer die Kenntnisnahme neuer Bedingungen   erm\u00f6glicht haben, treten diese vorliegenden Allgemeinen Liefer- und   Zahlungsbedingungen an die Stelle der bisherigen Bedingungen. Soweit wir   Angebote abgeben, sind diese freibleibend und f\u00fcr uns nur verbindlich,   wenn und soweit wir sie schriftlich best\u00e4tigen oder ihnen durch   \u00dcbersendung der Ware und der Rechnung nachkommen.<\/p>\n<p>2. Preise<br \/>\nDie  Preise verstehen sich frei Haus und gelten nur innerhalb der   Bundesrepublik Deutschland. Bei wesentlichen Kostenverschiebungen   behalten wir uns eine \u00c4nderung dieser Bedingungen vor.&nbsp;<\/p>\n<p>3. Versand<br \/>\nUnsere  Lieferungen werden von einem beauftragten Paketdienst  \u00fcbernommen. Bei  beschleunigter Bef\u00f6rderung auf Wunsch des K\u00e4ufers kann  der Mehraufwand  in Rechnung gestellt werden.<\/p>\n<p>4. Lieferung<br \/>\nDie  Lieferzeitangaben sind freibleibend. F\u00e4lle h\u00f6herer Gewalt  berechtigen  uns, die Lieferzeit entsprechend zu verl\u00e4ngern oder vom  Vertrag  zur\u00fcckzutreten, ohne dass ein Anspruch auf Schadenersatz  begr\u00fcndet wird.<\/p>\n<p>5. Zahlungsbedingungen<br \/>\nUnsere  Rechnungen sind gleich nach Erhalt der Ware ohne Abzug f\u00e4llig.  Das  Versanddatum stimmt mit dem Rechnungsdatum \u00fcberein. Das Recht der   Aufrechnung oder Zur\u00fcckhaltung gegen\u00fcber unseren Forderungen ist   ausgeschlossen.<\/p>\n<p>6. Eigentumsvorbehalt<br \/>\nDie  gelieferte Ware bleibt unser Eigentum, bis alle unsere Kaufpreis-  bzw.  Nebenforderungen beglichen sind. Der K\u00e4ufer ist berechtigt, im   ordnungsgem\u00e4\u00dfen Gesch\u00e4ftsverkehr \u00fcber die Ware zu verf\u00fcgen, es sei denn,   dass er seine Zahlungen einstellt. Verpf\u00e4ndungs- oder   Sicherheits\u00fcbereignung an Dritte ist unzul\u00e4ssig. Der K\u00e4ufer ist   verpflichtet, uns von etwaigen Zugriffen Dritter sofort zu   benachrichtigen<\/p>\n<p>7. Beanstandungen, R\u00fccknahme<br \/>\n\u00c4u\u00dferliche  Besch\u00e4digungen (Transportsch\u00e4den) sind sofort bei den   Bef\u00f6rderungstr\u00e4gern zu reklamieren. Offene M\u00e4ngel k\u00f6nnen nur   ber\u00fccksichtigt werden, wenn sie innerhalb von 3 Tagen nach dem Eingang   der Waren unter Angabe der Rechnungs- und Chargen-nummer geltend gemacht   werden. Beanstandete Ware darf nur mit unserem ausdr\u00fccklichen   Einverst\u00e4ndnis zur\u00fcckgesandt werden. Eine unaufgeforderte R\u00fccksendung   von Waren befreit in keinem Falle von der Zahlungspflicht. Im Falle   einer begr\u00fcndeten Reklamation besteht Anspruch auf Lieferung   mangelfreier Ersatzware oder Gutschrift des Gegenwertes nach unserer   Wahl.<\/p>\n<p>8. Gerichtsstand und Erf\u00fcllungsort<br \/>\nGerichtsstand und Erf\u00fcllungsort ist Aalen.<\/p>\n<p>9. Unwirksamkeitsklauseln<br \/>\nSollten  einzelne Klauseln unserer allgemeinen Liefer- und  Zahlungsbedingungen  ung\u00fcltig sein, so ber\u00fchrt das nicht die Wirksamkeit  der \u00fcbrigen  Bedingungen.<\/p>\n<p>10. Datenschutz<br \/>\nWir  sind berechtigt, die im Rahmen unserer Gesch\u00e4ftsbeziehung  erhaltenen  Daten \u00fcber den K\u00e4ufer unter Beachtung des  Datenschutzgesetzes zu  verarbeiten<\/p>\n<p>&nbsp;<\/p>\n<p><strong>Haftungsausschluss<\/strong><\/p>\n<p>1. Inhalt des Onlineangebotes<br \/>\nDer  Autor \u00fcbernimmt keinerlei Gew\u00e4hr f\u00fcr die Aktualit\u00e4t, Korrektheit,   Vollst\u00e4ndigkeit oder Qualit\u00e4t der bereitgestellten Informationen.   Haftungsanspr\u00fcche gegen den Autor, welche sich auf Sch\u00e4den materieller   oder ideeller Art beziehen, die durch die Nutzung oder Nichtnutzung der   dargebotenen Informationen bzw. durch die Nutzung fehlerhafter und   unvollst\u00e4ndiger Informationen verursacht wurden, sind grunds\u00e4tzlich   ausgeschlossen, sofern seitens des Autors kein nachweislich   vors\u00e4tzliches oder grob fahrl\u00e4ssiges Verschulden vorliegt.<br \/>\nAlle  Angebote sind freibleibend und unverbindlich. Der Autor beh\u00e4lt es  sich  ausdr\u00fccklich vor, Teile der Seiten oder das gesamte Angebot ohne   gesonderte Ank\u00fcndigung zu ver\u00e4ndern, zu erg\u00e4nzen, zu l\u00f6schen oder die   Ver\u00f6ffentlichung zeitweise oder endg\u00fcltig einzustellen.<\/p>\n<p>2. Verweise und Links<br \/>\nBei  direkten oder indirekten Verweisen auf fremde Webseiten  (&#8222;Hyperlinks&#8220;),  die au\u00dferhalb des Verantwortungsbereiches des Autors  liegen, w\u00fcrde eine  Haftungsverpflichtung ausschlie\u00dflich in dem Fall in  Kraft treten, in  dem der Autor von den Inhalten Kenntnis hat und es ihm  technisch m\u00f6glich  und zumutbar w\u00e4re, die Nutzung im Falle  rechtswidriger Inhalte zu  verhindern.<br \/>\nDer Autor erkl\u00e4rt hiermit ausdr\u00fccklich, dass zum  Zeitpunkt der  Linksetzung keine illegalen Inhalte auf den zu  verlinkenden Seiten  erkennbar waren. Auf die aktuelle und zuk\u00fcnftige  Gestaltung, die  Inhalte oder die Urheberschaft der  verlinkten\/verkn\u00fcpften Seiten hat  der Autor keinerlei Einfluss. Deshalb  distanziert er sich hiermit  ausdr\u00fccklich von allen Inhalten aller  verlinkten \/verkn\u00fcpften Seiten,  die nach der Linksetzung ver\u00e4ndert  wurden. Diese Feststellung gilt f\u00fcr  alle innerhalb des eigenen  Internetangebotes gesetzten Links und  Verweise sowie f\u00fcr Fremdeintr\u00e4ge  in vom Autor eingerichteten  G\u00e4steb\u00fcchern, Diskussionsforen,  Linkverzeichnissen, Mailinglisten und  in allen anderen Formen von  Datenbanken, auf deren Inhalt externe  Schreibzugriffe m\u00f6glich sind. F\u00fcr  illegale, fehlerhafte oder  unvollst\u00e4ndige Inhalte und insbesondere f\u00fcr  Sch\u00e4den, die aus der  Nutzung oder Nichtnutzung solcherart dargebotener  Informationen  entstehen, haftet allein der Anbieter der Seite, auf  welche verwiesen  wurde, nicht derjenige, der \u00fcber Links auf die  jeweilige  Ver\u00f6ffentlichung lediglich verweist.<\/p>\n<p>3. Urheber- und Kennzeichenrecht<br \/>\nDer  Autor ist bestrebt, in allen Publikationen die Urheberrechte der   verwendeten Bilder, Grafiken, Tondokumente, Videosequenzen und Texte zu   beachten, von ihm selbst erstellte Bilder, Grafiken, Tondokumente,   Videosequenzen und Texte zu nutzen oder auf lizenzfreie Grafiken,   Tondokumente, Videosequenzen und Texte zur\u00fcckzugreifen.<br \/>\nAlle  innerhalb des Internetangebotes genannten und ggf. durch Dritte   gesch\u00fctzten Marken- und Warenzeichen unterliegen uneingeschr\u00e4nkt den   Bestimmungen des jeweils g\u00fcltigen Kennzeichenrechts und den   Besitzrechten der jeweiligen eingetragenen Eigent\u00fcmer. Allein aufgrund   der blo\u00dfen Nennung ist nicht der Schluss zu ziehen, dass Markenzeichen   nicht durch Rechte Dritter gesch\u00fctzt sind!<br \/>\nDas Copyright f\u00fcr  ver\u00f6ffentlichte, vom Autor selbst erstellte Objekte  bleibt allein beim  Autor der Seiten. Eine Vervielf\u00e4ltigung oder  Verwendung solcher  Grafiken, Tondokumente, Videosequenzen und Texte in  anderen  elektronischen oder gedruckten Publikationen ist ohne  ausdr\u00fcckliche  Zustimmung des Autors nicht gestattet.<\/p>\n<p>4. Datenschutz<\/p>\n<p><strong><big>Datenschutzerkl\u00e4rung<\/big><\/strong><\/p>\n<p><strong>Allgemeiner Hinweis und Pflichtinformationen<\/strong><\/p>\n<p><strong>Benennung der verantwortlichen Stelle<\/strong><\/p>\n<p>Die verantwortliche Stelle f\u00fcr die Datenverarbeitung auf dieser Website ist:<\/p>\n<p><span id=\"s3-t-firma\">THG Tier\u00e4rztliche Herstellungsgemeinschaft<\/span><br \/><span id=\"s3-t-ansprechpartner\">Rolando Schmidt<\/span><br \/><span id=\"s3-t-strasse\">Gerhart Hauptmann Str., 28<\/span><br \/><span id=\"s3-t-plz\">73479<\/span> <span id=\"s3-t-ort\">Ellwangen<\/span><\/p>\n<\/p>\n<p>Die verantwortliche Stelle entscheidet allein oder gemeinsam mit anderen \u00fcber die Zwecke und Mittel der Verarbeitung von personenbezogenen Daten (z.B. Namen, Kontaktdaten o. \u00c4.).<\/p>\n<p><strong>Widerruf Ihrer Einwilligung zur Datenverarbeitung<\/strong><\/p>\n<p>Nur mit Ihrer ausdr\u00fccklichen Einwilligung sind einige Vorg\u00e4nge der Datenverarbeitung m\u00f6glich. Ein Widerruf Ihrer bereits erteilten Einwilligung ist jederzeit m\u00f6glich. F\u00fcr den Widerruf gen\u00fcgt eine formlose Mitteilung per E-Mail. Die Rechtm\u00e4\u00dfigkeit der bis zum Widerruf erfolgten Datenverarbeitung bleibt vom Widerruf unber\u00fchrt.<\/p>\n<p><strong>Recht auf Beschwerde bei der zust\u00e4ndigen Aufsichtsbeh\u00f6rde<\/strong><\/p>\n<p>Als Betroffener steht Ihnen im Falle eines datenschutzrechtlichen Versto\u00dfes ein Beschwerderecht bei der zust\u00e4ndigen Aufsichtsbeh\u00f6rde zu. Zust\u00e4ndige Aufsichtsbeh\u00f6rde bez\u00fcglich datenschutzrechtlicher Fragen ist der Landesdatenschutzbeauftragte des Bundeslandes, in dem sich der Sitz unseres Unternehmens befindet. Der folgende Link stellt eine Liste der Datenschutzbeauftragten sowie deren Kontaktdaten bereit: <a href=\"https:\/\/www.bfdi.bund.de\/DE\/Infothek\/Anschriften_Links\/anschriften_links-node.html\" target=\"_blank\">https:\/\/www.bfdi.bund.de\/DE\/Infothek\/Anschriften_Links\/anschriften_links-node.html<\/a>.<\/p>\n<p><strong>Recht auf Daten\u00fcbertragbarkeit<\/strong><\/p>\n<p>Ihnen steht das Recht zu, Daten, die wir auf Grundlage Ihrer Einwilligung oder in Erf\u00fcllung eines Vertrags automatisiert verarbeiten, an sich oder an Dritte aush\u00e4ndigen zu lassen. Die Bereitstellung erfolgt in einem maschinenlesbaren Format. Sofern Sie die direkte \u00dcbertragung der Daten an einen anderen Verantwortlichen verlangen, erfolgt dies nur, soweit es technisch machbar ist.<\/p>\n<p><strong>Recht auf Auskunft, Berichtigung, Sperrung, L\u00f6schung<\/strong><\/p>\n<p>Sie haben jederzeit im Rahmen der geltenden gesetzlichen Bestimmungen das Recht auf unentgeltliche Auskunft \u00fcber Ihre gespeicherten personenbezogenen Daten, Herkunft der Daten, deren Empf\u00e4nger und den Zweck der Datenverarbeitung und ggf. ein Recht auf Berichtigung, Sperrung oder L\u00f6schung dieser Daten. Diesbez\u00fcglich und auch zu weiteren Fragen zum Thema personenbezogene Daten k\u00f6nnen Sie sich jederzeit \u00fcber die im Impressum aufgef\u00fchrten Kontaktm\u00f6glichkeiten an uns wenden.<\/p>\n<p><strong>SSL- bzw. TLS-Verschl\u00fcsselung<\/strong><\/p>\n<p>Aus Sicherheitsgr\u00fcnden und zum Schutz der \u00dcbertragung vertraulicher Inhalte, die Sie an uns als Seitenbetreiber senden, nutzt unsere Website eine SSL-bzw. TLS-Verschl\u00fcsselung. Damit sind Daten, die Sie \u00fcber diese Website \u00fcbermitteln, f\u00fcr Dritte nicht mitlesbar. Sie erkennen eine verschl\u00fcsselte Verbindung an der \u201ehttps:\/\/\u201c Adresszeile Ihres Browsers und am Schloss-Symbol in der Browserzeile.<\/p>\n<p><strong>Server-Log-Dateien<\/strong><\/p>\n<p>In Server-Log-Dateien erhebt und speichert der Provider der Website automatisch Informationen, die Ihr Browser automatisch an uns \u00fcbermittelt. Dies sind:<\/p>\n<ul>\n<li>Browsertyp und Browserversion<\/li>\n<li>Verwendetes Betriebssystem<\/li>\n<li>Referrer URL<\/li>\n<li>Hostname des zugreifenden Rechners<\/li>\n<li>Uhrzeit der Serveranfrage<\/li>\n<li>IP-Adresse<\/li>\n<\/ul>\n<p>Es findet keine Zusammenf\u00fchrung dieser Daten mit anderen Datenquellen statt. Grundlage der Datenverarbeitung bildet Art. 6 Abs. 1 lit. b DSGVO, der die Verarbeitung von Daten zur Erf\u00fcllung eines Vertrags oder vorvertraglicher Ma\u00dfnahmen gestattet.<\/p>\n<p><strong>Registrierung auf dieser Website<\/strong><\/p>\n<p>Zur Nutzung bestimmter Funktionen k\u00f6nnen Sie sich auf unserer Website registrieren. Die \u00fcbermittelten Daten dienen ausschlie\u00dflich zum Zwecke der Nutzung des jeweiligen Angebotes oder Dienstes. Bei der Registrierung abgefragte Pflichtangaben sind vollst\u00e4ndig anzugeben. Andernfalls werden wir die Registrierung ablehnen.<\/p>\n<p>Im Falle wichtiger \u00c4nderungen, etwa aus technischen Gr\u00fcnden, informieren wir Sie per E-Mail. Die E-Mail wird an die Adresse versendet, die bei der Registrierung angegeben wurde.<\/p>\n<p>Die Verarbeitung der bei der Registrierung eingegebenen Daten erfolgt auf Grundlage Ihrer Einwilligung (Art. 6 Abs. 1 lit. a DSGVO). Ein Widerruf Ihrer bereits erteilten Einwilligung ist jederzeit m\u00f6glich. F\u00fcr den Widerruf gen\u00fcgt eine formlose Mitteilung per E-Mail. Die Rechtm\u00e4\u00dfigkeit der bereits erfolgten Datenverarbeitung bleibt vom Widerruf unber\u00fchrt.<\/p>\n<p>Wir speichern die bei der Registrierung erfassten Daten w\u00e4hrend des Zeitraums, den Sie auf unserer Website registriert sind. Ihren Daten werden gel\u00f6scht, sollten Sie Ihre Registrierung aufheben. Gesetzliche Aufbewahrungsfristen bleiben unber\u00fchrt.<\/p>\n<p><strong>Kontaktformular<\/strong><\/p>\n<p>Per Kontaktformular \u00fcbermittelte Daten werden einschlie\u00dflich Ihrer Kontaktdaten gespeichert, um Ihre Anfrage bearbeiten zu k\u00f6nnen oder um f\u00fcr Anschlussfragen bereitzustehen. Eine Weitergabe dieser Daten findet ohne Ihre Einwilligung nicht statt.<\/p>\n<p>Die Verarbeitung der in das Kontaktformular eingegebenen Daten erfolgt ausschlie\u00dflich auf Grundlage Ihrer Einwilligung (Art. 6 Abs. 1 lit. a DSGVO). Ein Widerruf Ihrer bereits erteilten Einwilligung ist jederzeit m\u00f6glich. F\u00fcr den Widerruf gen\u00fcgt eine formlose Mitteilung per E-Mail. Die Rechtm\u00e4\u00dfigkeit der bis zum Widerruf erfolgten Datenverarbeitungsvorg\u00e4nge bleibt vom Widerruf unber\u00fchrt.<\/p>\n<p>\u00dcber das Kontaktformular \u00fcbermittelte Daten verbleiben bei uns, bis Sie uns zur L\u00f6schung auffordern, Ihre Einwilligung zur Speicherung widerrufen oder keine Notwendigkeit der Datenspeicherung mehr besteht. Zwingende gesetzliche Bestimmungen &#8211; insbesondere Aufbewahrungsfristen &#8211; bleiben unber\u00fchrt.<\/p>\n<p><strong>YouTube<\/strong><\/p>\n<p>F\u00fcr Integration und Darstellung von Videoinhalten nutzt unsere Website Plugins von YouTube. Anbieter des Videoportals ist die YouTube, LLC, 901 Cherry Ave., San Bruno, CA 94066, USA.<\/p>\n<p>Bei Aufruf einer Seite mit integriertem YouTube-Plugin wird eine Verbindung zu den Servern von YouTube hergestellt. YouTube erf\u00e4hrt hierdurch, welche unserer Seiten Sie aufgerufen haben.<\/p>\n<p>YouTube kann Ihr Surfverhalten direkt Ihrem pers\u00f6nlichen Profil zuzuordnen, sollten Sie in Ihrem YouTube Konto eingeloggt sein. Durch vorheriges Ausloggen haben Sie die M\u00f6glichkeit, dies zu unterbinden.<\/p>\n<p>Die Nutzung von YouTube erfolgt im Interesse einer ansprechenden Darstellung unserer Online-Angebote. Dies stellt ein berechtigtes Interesse im Sinne von Art. 6 Abs. 1 lit. f DSGVO dar.<\/p>\n<p>Einzelheiten zum Umgang mit Nutzerdaten finden Sie in der Datenschutzerkl\u00e4rung von YouTube unter: <a href=\"https:\/\/www.google.de\/intl\/de\/policies\/privacy\">https:\/\/www.google.de\/intl\/de\/policies\/privacy<\/a>.<\/p>\n<p><small>Quelle: Datenschutz-Konfigurator von <a href=\"http:\/\/www.mein-datenschutzbeauftragter.de\" target=\"_blank\">mein-datenschutzbeauftragter.de<\/a><\/small><\/p>\n<p>Dieses Impressum ist f\u00fcr die gesamte Online-Pr\u00e4senz dieses Unternehmens g\u00fcltig.<\/p>\n<p>F\u00fcr den Inhalt dieser Webseite verantwortlich ist:<\/p>\n<p>THG Tier\u00e4rztliche Herstellungsgemeinschaft<br \/>\nGesch\u00e4ftsf\u00fchrer: Roland Schmidt<br \/>\nGerhart Hauptmannstr. 28<br \/>\n73479 Ellwangen<\/p>\n<p>Tel. 07961 \/ 54765<br \/>\nFax 0 79 61 \/ 5 31 76<br \/>\ne-mail: thg-ellwangen@t-online.de<strong><br \/>\n<\/strong><\/p>\n<p>USt.Id.Nr: 171 342 992<br \/>\nFinanzamt Aalen<br \/>\nHR-Nr.: 004 391 55<br \/>\nHRG Aalen<\/p>\n<\/div>\n<\/div>\n<\/div>\n","protected":false},"excerpt":{"rendered":"<p>Allgemeine Liefer- und Zahlungsbedingungen 1. Allgemeines Mit der Bestellung erkennt der K\u00e4ufer die vorliegenden Allgemeinen Liefer- und Zahlungsbedingungen als verbindlich an. Davon abweichende Einkaufsbedingungen oder sonstige vom K\u00e4ufer gemachte Einschr\u00e4nkungen sind f\u00fcr uns nur dann verbindlich, wenn wir sie ausdr\u00fccklich schriftlich anerkennen. Im \u00dcbrigen behalten wir uns vor, bei Verst\u00f6\u00dfen gegen unsere Bedingungen die Lieferungen &hellip; <\/p>\n<p class=\"link-more\"><a href=\"http:\/\/thg-ellwangen.de\/?page_id=32\" class=\"more-link\"><span class=\"screen-reader-text\">&#8222;Impressum und Datenschutz&#8220;<\/span> weiterlesen<\/a><\/p>\n","protected":false},"author":1,"featured_media":0,"parent":0,"menu_order":5,"comment_status":"closed","ping_status":"closed","template":"","meta":{"footnotes":""},"jetpack_sharing_enabled":true,"_links":{"self":[{"href":"http:\/\/thg-ellwangen.de\/index.php?rest_route=\/wp\/v2\/pages\/32"}],"collection":[{"href":"http:\/\/thg-ellwangen.de\/index.php?rest_route=\/wp\/v2\/pages"}],"about":[{"href":"http:\/\/thg-ellwangen.de\/index.php?rest_route=\/wp\/v2\/types\/page"}],"author":[{"embeddable":true,"href":"http:\/\/thg-ellwangen.de\/index.php?rest_route=\/wp\/v2\/users\/1"}],"replies":[{"embeddable":true,"href":"http:\/\/thg-ellwangen.de\/index.php?rest_route=%2Fwp%2Fv2%2Fcomments&post=32"}],"version-history":[{"count":8,"href":"http:\/\/thg-ellwangen.de\/index.php?rest_route=\/wp\/v2\/pages\/32\/revisions"}],"predecessor-version":[{"id":185,"href":"http:\/\/thg-ellwangen.de\/index.php?rest_route=\/wp\/v2\/pages\/32\/revisions\/185"}],"wp:attachment":[{"href":"http:\/\/thg-ellwangen.de\/index.php?rest_route=%2Fwp%2Fv2%2Fmedia&parent=32"}],"curies":[{"name":"wp","href":"https:\/\/api.w.org\/{rel}","templated":true}]}}